{"id":3,"date":"2018-10-13T11:28:08","date_gmt":"2018-10-13T11:28:08","guid":{"rendered":"http:\/\/www.davidrico.info\/saunacondal\/?page_id=3"},"modified":"2025-02-08T19:44:30","modified_gmt":"2025-02-08T19:44:30","slug":"politica-privacidad","status":"publish","type":"page","link":"https:\/\/saunaspases.com\/saunaolimpic\/politica-privacidad\/","title":{"rendered":"Pol\u00edtica de privacidad"},"content":{"rendered":"<div class=\"wpb-content-wrapper\"><p>[vc_row anchor=\u00bbpolitica\u00bb background_image=\u00bb0&#8243;][vc_column][vc_column_text css=\u00bb.vc_custom_1739043861508{padding-top: 20px !important;padding-bottom: 50px !important;}\u00bb inline_style=\u00bbcolor: white; margin-top: 100px;\u00bb]<\/p>\n<h1 class=\"titulos_documentos_legales\">Pol\u00edtica de privacidad<\/h1>\n<p>Hemos adaptado nuestros protocolos y pol\u00edticas de privacidad al Reglamento Europeo de Protecci\u00f3n de Datos 679\/2916 (RGPD) dado que nos preocupa la seguridad y la protecci\u00f3n de los datos que tratamos.<\/p>\n<p><strong>1.- QUI\u00c9N ES EL RESPONSABLE DEL TRATAMIENTO DE DATOS<\/strong><\/p>\n<p><strong>PASES S.A.<\/strong>, con domicilio en ESPOLSASACS, N\u00ba 1 08002 BARCELONA (BARCELONA) es el responsable del correcto tratamiento de sus datos. Puede Vd. consultar sobre este tratamiento a trav\u00e9s del siguiente mail victorhm@pases.es<\/p>\n<p><strong>\u00a02.- PARA QU\u00c9 UTILIZAMOS SUS DATOS Y CUANTO TIEMPO LOS CONSERVAMOS<\/strong><\/p>\n<p>En <strong>PASES S.A. <\/strong>tratamos la informaci\u00f3n que nos facilitan las personas interesadas con el fin de gestionar, el env\u00edo de mails con las ultimas noticias del blog, para mandar ofertas puntuales de servicios, publicar im\u00e1genes en la p\u00e1gina web y redes sociales, as\u00ed como la informaci\u00f3n que nos soliciten facilitando a los interesados ofertas de productos y servicios de su inter\u00e9s.<\/p>\n<p>Los datos personales proporcionados se conservar\u00e1n mientras se mantenga la relaci\u00f3n contractual y no se solicite su supresi\u00f3n por el interesado.<\/p>\n<p>Hay datos que por su naturaleza, debemos conservar a pesar de que nos retire su consentimiento por la existencia de una obligaci\u00f3n legal.<\/p>\n<p><strong>\u00a03.- CU\u00c1L ES LA BASE LEGAL PARA EL TRATAMIENTO DE LOS DATOS<\/strong><\/p>\n<p>La utilizaci\u00f3n de los datos que nos has facilitado, es necesaria para la correcta gesti\u00f3n de las relaciones con los Clientes \/ Colaboradores y, adem\u00e1s, poder cumplir con las obligaciones legales.<\/p>\n<p>En cualquier momento puede manifestar su oposici\u00f3n al uso de sus datos y, por lo tanto, dejar sin efecto cualquier tipo de gesti\u00f3n con los mismos, quedando \u00fanicamente sus datos bloqueados durante el tiempo legalmente previsto. \u00danicamente comunicarle que el no consentimiento puede conllevar que los servicios sean imposibles de prestar.<\/p>\n<p><strong>4.- VAN A CEDER MIS DATOS.<\/strong><\/p>\n<p>En principio no de ceder\u00e1n datos salvo obligaci\u00f3n legal.<\/p>\n<p>Ahora bien, sus datos podr\u00e1n ser cedidos a profesionales y\/o proveedores de esta Entidad a los solos efectos cumplimiento contractual o bien, a proveedores del servicios de esta Entidad como son las asesor\u00edas, servicios inform\u00e1ticos, servicios de almacenamiento en la nube, etc.<\/p>\n<p><strong>5.- DURANTE CU\u00c1NTO CONSERVAREMOS SUS DATOS PERSONALES<\/strong><\/p>\n<p>Solamente conservaremos sus datos personales mientras que mantengamos una relaci\u00f3n contractual, mientras que exista un requisito legal que lo obligue, mientras que Vd. no ejerza ninguno de los derechos que hagan que no podamos tratar sus datos.<\/p>\n<p><strong>6.- C\u00d3MO PUEDO EJERCER MIS DERECHOS<\/strong><\/p>\n<p>Como titular de derechos, Vd. tiene el control de sus datos y, por lo tanto, en cualquier momento puede ejercitar sus derechos, envi\u00e1ndonos un mail victorhm@pases.es.<\/p>\n<p>Los derechos que puede ejercitar son:<\/p>\n<ul>\n<li>Derecho a solicitar el acceso a los datos personales relativos al interesado<\/li>\n<li>Derecho a solicitar su rectificaci\u00f3n o supresi\u00f3n<\/li>\n<li>Derecho a solicitar la limitaci\u00f3n de su tratamiento<\/li>\n<li>Derecho a oponerse al tratamiento<\/li>\n<li>Derecho a la portabilidad de los datos<\/li>\n<\/ul>\n<p>Se informa a los usuarios, que tiene derecho a revocar el consentimiento en cualquier momento, sin que ello afecte a la licitud del tratamiento basado en el consentimiento previo a su retirada.<\/p>\n<p>As\u00ed mismo se informa a los interesados de que pueden presentar una reclamaci\u00f3n ante la Autoridad de Control en materia de Protecci\u00f3n de Datos competente, especialmente cuando no haya obtenido satisfacci\u00f3n en el ejercicio de sus derechos.<\/p>\n<p>Todos sus derechos puede solicitarlos indicando su nombre y haci\u00e9ndonos llegar una fotocopia de su identificaci\u00f3n con la solicitud.[\/vc_column_text][\/vc_column][\/vc_row][vc_row background_image=\u00bb0&#8243; el_class=\u00bbjs_code\u00bb][vc_column][vc_raw_js]JTNDc2NyaXB0JTIwdHlwZSUzRCUyMnRleHQlMkZqYXZhc2NyaXB0JTIyJTNFJTIwJTBBJTI0JTI4JTIwJTI3Lm5hdi1tZW51JTIwLm1lbnUtaXRlbSUyMGElMjclMjkuZWFjaCUyOGZ1bmN0aW9uJTI4JTIwaW5kZXglMjAlMjklMjAlN0IlMEElMjAlMjB1cmwlMjAlM0QlMjAlMjQlMjh0aGlzJTI5LmF0dHIlMjglMjdocmVmJTI3JTI5JTNCJTBBJTIwJTIwaWYlMjglMjB1cmwlMjAlMjElM0QlMjAlMjclMkYlMjclMjklMEElMjAlMjAlMjAlMjAlMjQlMjh0aGlzJTI5LmF0dHIlMjglMjdocmVmJTI3JTJDJTI3JTJGc2F1bmFjb25kYWwlMkYlMjclMkJ1cmwlMjklM0IlMjAlMEElN0QlMjklM0IlMEElM0MlMkZzY3JpcHQlM0U=[\/vc_raw_js][\/vc_column][\/vc_row]<\/p>\n<\/div>","protected":false},"excerpt":{"rendered":"<p>[vc_row anchor=\u00bbpolitica\u00bb background_image=\u00bb0&#8243;][vc_column][vc_column_text css=\u00bb.vc_custom_1739043861508{padding-top: 20px !important;padding-bottom: 50px !important;}\u00bb inline_style=\u00bbcolor: white; margin-top: 100px;\u00bb] Pol\u00edtica de privacidad Hemos adaptado nuestros protocolos y pol\u00edticas de privacidad al Reglamento Europeo de Protecci\u00f3n de Datos 679\/2916 (RGPD) dado que nos preocupa la seguridad y la protecci\u00f3n de los datos que tratamos. 1.- QUI\u00c9N ES EL RESPONSABLE DEL TRATAMIENTO DE DATOS &hellip;<\/p>\n","protected":false},"author":4,"featured_media":0,"parent":0,"menu_order":0,"comment_status":"closed","ping_status":"open","template":"","meta":{"footnotes":""},"class_list":["post-3","page","type-page","status-publish","hentry"],"yoast_head":"<!-- This site is optimized with the Yoast SEO plugin v27.3 - https:\/\/yoast.com\/product\/yoast-seo-wordpress\/ -->\n<title>Pol\u00edtica de privacidad | Sauna Olimpic<\/title>\n<meta name=\"robots\" content=\"index, follow, max-snippet:-1, max-image-preview:large, max-video-preview:-1\" \/>\n<link rel=\"canonical\" href=\"https:\/\/saunaspases.com\/saunaolimpic\/politica-privacidad\/\" \/>\n<meta property=\"og:locale\" content=\"es_ES\" \/>\n<meta property=\"og:type\" content=\"article\" \/>\n<meta property=\"og:title\" content=\"Pol\u00edtica de privacidad | Sauna Olimpic\" \/>\n<meta property=\"og:description\" content=\"[vc_row anchor=\u00bbpolitica\u00bb background_image=\u00bb0&#8243;][vc_column][vc_column_text css=\u00bb.vc_custom_1739043861508{padding-top: 20px !important;padding-bottom: 50px !important;}\u00bb inline_style=\u00bbcolor: white; margin-top: 100px;\u00bb] Pol\u00edtica de privacidad Hemos adaptado nuestros protocolos y pol\u00edticas de privacidad al Reglamento Europeo de Protecci\u00f3n de Datos 679\/2916 (RGPD) dado que nos preocupa la seguridad y la protecci\u00f3n de los datos que tratamos. 1.- QUI\u00c9N ES EL RESPONSABLE DEL TRATAMIENTO DE DATOS &hellip;\" \/>\n<meta property=\"og:url\" content=\"https:\/\/saunaspases.com\/saunaolimpic\/politica-privacidad\/\" \/>\n<meta property=\"og:site_name\" content=\"Sauna Olimpic\" \/>\n<meta property=\"article:publisher\" content=\"https:\/\/www.facebook.com\/saunacondalofficial\" \/>\n<meta property=\"article:modified_time\" content=\"2025-02-08T19:44:30+00:00\" \/>\n<meta name=\"twitter:card\" content=\"summary_large_image\" \/>\n<meta name=\"twitter:site\" content=\"@SaunaCondal\" \/>\n<meta name=\"twitter:label1\" content=\"Tiempo de lectura\" \/>\n\t<meta name=\"twitter:data1\" content=\"3 minutos\" \/>\n<script type=\"application\/ld+json\" class=\"yoast-schema-graph\">{\"@context\":\"https:\\\/\\\/schema.org\",\"@graph\":[{\"@type\":\"WebPage\",\"@id\":\"https:\\\/\\\/saunaspases.com\\\/saunaolimpic\\\/politica-privacidad\\\/\",\"url\":\"https:\\\/\\\/saunaspases.com\\\/saunaolimpic\\\/politica-privacidad\\\/\",\"name\":\"Pol\u00edtica de privacidad | Sauna Olimpic\",\"isPartOf\":{\"@id\":\"https:\\\/\\\/saunaspases.com\\\/saunaolimpic\\\/#website\"},\"datePublished\":\"2018-10-13T11:28:08+00:00\",\"dateModified\":\"2025-02-08T19:44:30+00:00\",\"breadcrumb\":{\"@id\":\"https:\\\/\\\/saunaspases.com\\\/saunaolimpic\\\/politica-privacidad\\\/#breadcrumb\"},\"inLanguage\":\"es\",\"potentialAction\":[{\"@type\":\"ReadAction\",\"target\":[\"https:\\\/\\\/saunaspases.com\\\/saunaolimpic\\\/politica-privacidad\\\/\"]}]},{\"@type\":\"BreadcrumbList\",\"@id\":\"https:\\\/\\\/saunaspases.com\\\/saunaolimpic\\\/politica-privacidad\\\/#breadcrumb\",\"itemListElement\":[{\"@type\":\"ListItem\",\"position\":1,\"name\":\"Portada\",\"item\":\"https:\\\/\\\/saunaspases.com\\\/saunaolimpic\\\/\"},{\"@type\":\"ListItem\",\"position\":2,\"name\":\"Pol\u00edtica de privacidad\"}]},{\"@type\":\"WebSite\",\"@id\":\"https:\\\/\\\/saunaspases.com\\\/saunaolimpic\\\/#website\",\"url\":\"https:\\\/\\\/saunaspases.com\\\/saunaolimpic\\\/\",\"name\":\"Sauna Olimpic\",\"description\":\"SAUNA OLIMPIC - OFFICIAL SITE\",\"publisher\":{\"@id\":\"https:\\\/\\\/saunaspases.com\\\/saunaolimpic\\\/#organization\"},\"potentialAction\":[{\"@type\":\"SearchAction\",\"target\":{\"@type\":\"EntryPoint\",\"urlTemplate\":\"https:\\\/\\\/saunaspases.com\\\/saunaolimpic\\\/?s={search_term_string}\"},\"query-input\":{\"@type\":\"PropertyValueSpecification\",\"valueRequired\":true,\"valueName\":\"search_term_string\"}}],\"inLanguage\":\"es\"},{\"@type\":\"Organization\",\"@id\":\"https:\\\/\\\/saunaspases.com\\\/saunaolimpic\\\/#organization\",\"name\":\"Saunas Pases\",\"url\":\"https:\\\/\\\/saunaspases.com\\\/saunaolimpic\\\/\",\"logo\":{\"@type\":\"ImageObject\",\"inLanguage\":\"es\",\"@id\":\"https:\\\/\\\/saunaspases.com\\\/saunaolimpic\\\/#\\\/schema\\\/logo\\\/image\\\/\",\"url\":\"https:\\\/\\\/saunaspases.com\\\/saunaolimpic\\\/wp-content\\\/uploads\\\/2023\\\/08\\\/LOGO-PASES-CONDAL-AGO23.jpg\",\"contentUrl\":\"https:\\\/\\\/saunaspases.com\\\/saunaolimpic\\\/wp-content\\\/uploads\\\/2023\\\/08\\\/LOGO-PASES-CONDAL-AGO23.jpg\",\"width\":600,\"height\":600,\"caption\":\"Saunas Pases\"},\"image\":{\"@id\":\"https:\\\/\\\/saunaspases.com\\\/saunaolimpic\\\/#\\\/schema\\\/logo\\\/image\\\/\"},\"sameAs\":[\"https:\\\/\\\/www.facebook.com\\\/saunacondalofficial\",\"https:\\\/\\\/x.com\\\/SaunaCondal\",\"https:\\\/\\\/www.instagram.com\\\/saunacondal\\\/\"]}]}<\/script>\n<!-- \/ Yoast SEO plugin. -->","yoast_head_json":{"title":"Pol\u00edtica de privacidad | Sauna Olimpic","robots":{"index":"index","follow":"follow","max-snippet":"max-snippet:-1","max-image-preview":"max-image-preview:large","max-video-preview":"max-video-preview:-1"},"canonical":"https:\/\/saunaspases.com\/saunaolimpic\/politica-privacidad\/","og_locale":"es_ES","og_type":"article","og_title":"Pol\u00edtica de privacidad | Sauna Olimpic","og_description":"[vc_row anchor=\u00bbpolitica\u00bb background_image=\u00bb0&#8243;][vc_column][vc_column_text css=\u00bb.vc_custom_1739043861508{padding-top: 20px !important;padding-bottom: 50px !important;}\u00bb inline_style=\u00bbcolor: white; margin-top: 100px;\u00bb] Pol\u00edtica de privacidad Hemos adaptado nuestros protocolos y pol\u00edticas de privacidad al Reglamento Europeo de Protecci\u00f3n de Datos 679\/2916 (RGPD) dado que nos preocupa la seguridad y la protecci\u00f3n de los datos que tratamos. 1.- QUI\u00c9N ES EL RESPONSABLE DEL TRATAMIENTO DE DATOS &hellip;","og_url":"https:\/\/saunaspases.com\/saunaolimpic\/politica-privacidad\/","og_site_name":"Sauna Olimpic","article_publisher":"https:\/\/www.facebook.com\/saunacondalofficial","article_modified_time":"2025-02-08T19:44:30+00:00","twitter_card":"summary_large_image","twitter_site":"@SaunaCondal","twitter_misc":{"Tiempo de lectura":"3 minutos"},"schema":{"@context":"https:\/\/schema.org","@graph":[{"@type":"WebPage","@id":"https:\/\/saunaspases.com\/saunaolimpic\/politica-privacidad\/","url":"https:\/\/saunaspases.com\/saunaolimpic\/politica-privacidad\/","name":"Pol\u00edtica de privacidad | Sauna Olimpic","isPartOf":{"@id":"https:\/\/saunaspases.com\/saunaolimpic\/#website"},"datePublished":"2018-10-13T11:28:08+00:00","dateModified":"2025-02-08T19:44:30+00:00","breadcrumb":{"@id":"https:\/\/saunaspases.com\/saunaolimpic\/politica-privacidad\/#breadcrumb"},"inLanguage":"es","potentialAction":[{"@type":"ReadAction","target":["https:\/\/saunaspases.com\/saunaolimpic\/politica-privacidad\/"]}]},{"@type":"BreadcrumbList","@id":"https:\/\/saunaspases.com\/saunaolimpic\/politica-privacidad\/#breadcrumb","itemListElement":[{"@type":"ListItem","position":1,"name":"Portada","item":"https:\/\/saunaspases.com\/saunaolimpic\/"},{"@type":"ListItem","position":2,"name":"Pol\u00edtica de privacidad"}]},{"@type":"WebSite","@id":"https:\/\/saunaspases.com\/saunaolimpic\/#website","url":"https:\/\/saunaspases.com\/saunaolimpic\/","name":"Sauna Olimpic","description":"SAUNA OLIMPIC - OFFICIAL SITE","publisher":{"@id":"https:\/\/saunaspases.com\/saunaolimpic\/#organization"},"potentialAction":[{"@type":"SearchAction","target":{"@type":"EntryPoint","urlTemplate":"https:\/\/saunaspases.com\/saunaolimpic\/?s={search_term_string}"},"query-input":{"@type":"PropertyValueSpecification","valueRequired":true,"valueName":"search_term_string"}}],"inLanguage":"es"},{"@type":"Organization","@id":"https:\/\/saunaspases.com\/saunaolimpic\/#organization","name":"Saunas Pases","url":"https:\/\/saunaspases.com\/saunaolimpic\/","logo":{"@type":"ImageObject","inLanguage":"es","@id":"https:\/\/saunaspases.com\/saunaolimpic\/#\/schema\/logo\/image\/","url":"https:\/\/saunaspases.com\/saunaolimpic\/wp-content\/uploads\/2023\/08\/LOGO-PASES-CONDAL-AGO23.jpg","contentUrl":"https:\/\/saunaspases.com\/saunaolimpic\/wp-content\/uploads\/2023\/08\/LOGO-PASES-CONDAL-AGO23.jpg","width":600,"height":600,"caption":"Saunas Pases"},"image":{"@id":"https:\/\/saunaspases.com\/saunaolimpic\/#\/schema\/logo\/image\/"},"sameAs":["https:\/\/www.facebook.com\/saunacondalofficial","https:\/\/x.com\/SaunaCondal","https:\/\/www.instagram.com\/saunacondal\/"]}]}},"_links":{"self":[{"href":"https:\/\/saunaspases.com\/saunaolimpic\/wp-json\/wp\/v2\/pages\/3","targetHints":{"allow":["GET"]}}],"collection":[{"href":"https:\/\/saunaspases.com\/saunaolimpic\/wp-json\/wp\/v2\/pages"}],"about":[{"href":"https:\/\/saunaspases.com\/saunaolimpic\/wp-json\/wp\/v2\/types\/page"}],"author":[{"embeddable":true,"href":"https:\/\/saunaspases.com\/saunaolimpic\/wp-json\/wp\/v2\/users\/4"}],"replies":[{"embeddable":true,"href":"https:\/\/saunaspases.com\/saunaolimpic\/wp-json\/wp\/v2\/comments?post=3"}],"version-history":[{"count":9,"href":"https:\/\/saunaspases.com\/saunaolimpic\/wp-json\/wp\/v2\/pages\/3\/revisions"}],"predecessor-version":[{"id":2371,"href":"https:\/\/saunaspases.com\/saunaolimpic\/wp-json\/wp\/v2\/pages\/3\/revisions\/2371"}],"wp:attachment":[{"href":"https:\/\/saunaspases.com\/saunaolimpic\/wp-json\/wp\/v2\/media?parent=3"}],"curies":[{"name":"wp","href":"https:\/\/api.w.org\/{rel}","templated":true}]}}