{"id":399,"date":"2018-10-27T14:57:47","date_gmt":"2018-10-27T14:57:47","guid":{"rendered":"http:\/\/www.davidrico.info\/saunacondal\/?page_id=399"},"modified":"2025-12-29T18:12:07","modified_gmt":"2025-12-29T18:12:07","slug":"gay-sauna-valencia","status":"publish","type":"page","link":"https:\/\/saunaspases.com\/saunaolimpic\/","title":{"rendered":"Sauna gay Valencia"},"content":{"rendered":"<div class=\"wpb-content-wrapper\"><p>[vc_row full_width=\u00bbstretch_row\u00bb content_type=\u00bbfull\u00bb padding_top=\u00bb0&#8243; padding_bottom=\u00bb0&#8243; background_image=\u00bb0&#8243; css=\u00bb.vc_custom_1738815074407{background-color: #FFFFFF !important;}\u00bb][vc_column css=\u00bb.vc_custom_1738773496971{background-position: center !important;background-repeat: no-repeat !important;background-size: cover !important;}\u00bb][vc_row_inner gap=\u00bb35&#8243; css=\u00bb.vc_custom_1738877327504{margin-top: 0px !important;margin-bottom: 20px !important;}\u00bb][vc_column_inner el_class=\u00bbtexto\u00bb width=\u00bb1\/2&#8243;][vc_column_text css=\u00bb.vc_custom_1746619242469{margin-bottom: 20px !important;}\u00bb]<\/p>\n<h1 class=\"titulos\" style=\"font-size: 50px; text-align: left;\">Sauna gay Valencia<\/h1>\n<p>[\/vc_column_text][vc_column_text css=\u00bb.vc_custom_1746559075065{margin-bottom: 15px !important;}\u00bb]<span class=\"texto\" style=\"font-family: Montserrat;\"><span class=\"texto\" style=\"color: black;\">Descubre la sauna gay m\u00e1s moderna de Valencia! M\u00e1s de 800 m\u00b2 dise\u00f1ados para tu relax y disfrute. <\/span><\/span><\/p>\n<p><span class=\"texto\" style=\"font-family: Montserrat;\"><span class=\"texto\" style=\"color: black;\">Sum\u00e9rgete en el jacuzzi, siente el calor en la sauna seca o de vapor, y t\u00f3mate algo en nuestro bar mientras desconectas del mundo.<\/span><\/span><br \/>\n<span class=\"texto\" style=\"font-family: Montserrat;\"><span class=\"texto\" style=\"color: black;\">Nuestro objetivo es que vivas momentos \u00fanicos en un ambiente c\u00f3modo, seguro y totalmente pensado para ti.<br \/>\n<\/span><\/span><\/p>\n<p><span class=\"texto\" style=\"font-family: Montserrat;\"><span class=\"texto\" style=\"color: black;\">Las opiniones sobre nosotros <a class=\"enlaces\" style=\"color: #ef0003;\" href=\"#opiniones\"><b>nos avala<\/b><\/a>.<br \/>\n<\/span><\/span><\/p>\n<p><span class=\"texto\" style=\"color: black; font-family: Montserrat;\"><strong>\u00a1Vis\u00edtanos!<\/strong><\/span>[\/vc_column_text][\/vc_column_inner][vc_column_inner el_class=\u00bb.img_24x7&#8243; width=\u00bb1\/2&#8243;][vc_single_image image=\u00bb2535&#8243; img_size=\u00bb600&#215;400&#8243; alignment=\u00bbright\u00bb css=\u00bb\u00bb el_id=\u00bbfoto_portada\u00bb][\/vc_column_inner][\/vc_row_inner][\/vc_column][\/vc_row][vc_row content_type=\u00bbfull\u00bb anchor=\u00bbsauna\u00bb padding_top=\u00bb0&#8243; padding_bottom=\u00bb0&#8243; background_color=\u00bb#ffffff\u00bb background_image=\u00bb0&#8243; css=\u00bb.vc_custom_1746572211834{padding-top: 20px !important;background-color: #F5F5F5 !important;}\u00bb el_id=\u00bbservicios\u00bb][vc_column css_animation=\u00bbbounceIn\u00bb][vc_column_text css=\u00bb.vc_custom_1746576723802{margin-bottom: 10px !important;padding-top: 10px !important;padding-bottom: 10px !important;}\u00bb]<\/p>\n<h2 class=\"titulos\" style=\"font-size: 50px; text-align: center !important;\">Descubre nuestras instalaciones<\/h2>\n<p>[\/vc_column_text][\/vc_column][\/vc_row][vc_row gap=\u00bb35&#8243; content_type=\u00bbfull\u00bb padding_top=\u00bb0&#8243; padding_bottom=\u00bb0&#8243; background_image=\u00bb0&#8243; el_class=\u00bbinfo_servicios\u00bb css=\u00bb.vc_custom_1746576897121{padding-bottom: 45px !important;background-color: #F5F5F5 !important;}\u00bb][vc_column width=\u00bb1\/2&#8243; css=\u00bb.vc_custom_1738951125832{margin-left: 0px !important;}\u00bb][vc_images_carousel images=\u00bb2554,2559,2552&#8243; img_size=\u00bbfull\u00bb onclick=\u00bblink_no\u00bb speed=\u00bb4000&#8243; autoplay=\u00bbyes\u00bb hide_prev_next_buttons=\u00bbyes\u00bb wrap=\u00bbyes\u00bb css=\u00bb\u00bb el_class=\u00bbinstalaciones\u00bb][\/vc_column][vc_column width=\u00bb1\/2&#8243;][vc_images_carousel images=\u00bb2563,2567,2557,2569,2571,2573,2561,2565&#8243; img_size=\u00bbfull\u00bb onclick=\u00bblink_no\u00bb speed=\u00bb4000&#8243; autoplay=\u00bbyes\u00bb hide_prev_next_buttons=\u00bbyes\u00bb wrap=\u00bbyes\u00bb css=\u00bb\u00bb el_class=\u00bbinstalaciones\u00bb][\/vc_column][\/vc_row][vc_row content_type=\u00bbfull\u00bb anchor=\u00bbpromos\u00bb padding_top=\u00bb0&#8243; padding_bottom=\u00bb0&#8243; background_image=\u00bb0&#8243; css=\u00bb.vc_custom_1738957618335{margin-bottom: 0px !important;}\u00bb][vc_column css=\u00bb.vc_custom_1738956544280{margin-top: 0px !important;}\u00bb][vc_column_text css=\u00bb.vc_custom_1746577048725{margin-top: 10px !important;padding-bottom: 0px !important;}\u00bb]<\/p>\n<h3 class=\"titulos\" style=\"font-size: 50px; text-align: center !important;\">Esta semana en Sauna Olimpic<\/h3>\n<p>[\/vc_column_text][vc_media_grid gap=\u00bb35&#8243; css=\u00bb.vc_custom_1767031817974{margin-bottom: 40px !important;}\u00bb grid_id=\u00bbvc_gid:1767031762083-e47c02ea-3ed8-1&#8243; include=\u00bb2686,2576,2575&#8243; el_id=\u00bbprecios\u00bb][\/vc_column][\/vc_row][vc_section][vc_row css=\u00bb.vc_custom_1738957979603{background-color: #F5F5F5 !important;}\u00bb el_id=\u00bbcontacto\u00bb][vc_column][vc_column_text css=\u00bb.vc_custom_1746577960383{margin-top: 35px !important;margin-bottom: 0px !important;padding-bottom: 30px !important;background-color: #F5F5F5 !important;}\u00bb]<\/p>\n<h4 class=\"titulos\" style=\"font-size: 50px; text-align: center !important;\">\u00bfD\u00f3nde nos encontramos?<\/h4>\n<p>[\/vc_column_text][vc_gmaps link=\u00bb#E-8_JTNDaWZyYW1lJTIwc3JjJTNEJTIyaHR0cHMlM0ElMkYlMkZ3d3cuZ29vZ2xlLmNvbSUyRm1hcHMlMkZlbWJlZCUzRnBiJTNEJTIxMW0xOCUyMTFtMTIlMjExbTMlMjExZDMwODAuMzcxMDg3MzMxODU5JTIxMmQtMC4zNzM3NzExNDgzMzU5MjUwNiUyMTNkMzkuNDYwOTQ0NjIxMDMxMzk1JTIxMm0zJTIxMWYwJTIxMmYwJTIxM2YwJTIxM20yJTIxMWkxMDI0JTIxMmk3NjglMjE0ZjEzLjElMjEzbTMlMjExbTIlMjExczB4ZDYwNDhjYjkzZjJkNzkxJTI1M0EweDMyMmU4OWNmOWQwMmRmZDElMjEyc0NhbGxlJTJCZGUlMkJWaXZvbnMlMjUyQyUyQjE1LTE3JTI1MkMlMkI0NjAwNiUyQlZhbGVuY2lhJTIxNWUwJTIxM20yJTIxMXNlcyUyMTJzZXMlMjE0djE1NTE5ODI5NDAyODklMjIlMjB3aWR0aCUzRCUyMjYwMCUyMiUyMGhlaWdodCUzRCUyMjQ1MCUyMiUyMGZyYW1lYm9yZGVyJTNEJTIyMCUyMiUyMHN0eWxlJTNEJTIyYm9yZGVyJTNBMCUyMiUyMGFsbG93ZnVsbHNjcmVlbiUzRSUzQyUyRmlmcmFtZSUzRQ==\u00bb size=\u00bb500&#8243; css_animation=\u00bbnone\u00bb css=\u00bb.vc_custom_1746577271959{margin-bottom: 80px !important;padding-bottom: 0px !important;background-color: #FFFFFF !important;}\u00bb][\/vc_column][\/vc_row][\/vc_section][vc_row content_type=\u00bbfull\u00bb padding_top=\u00bb0&#8243; padding_bottom=\u00bb0&#8243; background_image=\u00bb0&#8243; css=\u00bb.vc_custom_1746572899754{background-color: #FFFFFF !important;}\u00bb][vc_column][vc_column_text css=\u00bb.vc_custom_1746577580836{margin-top: 30px !important;margin-bottom: 20px !important;}\u00bb]<\/p>\n<h4 class=\"titulos\" style=\"font-size: 50px; text-align: center !important;\">Te puede interesar&#8230;<\/h4>\n<p>[\/vc_column_text][vc_row_inner el_id=\u00bbimperial\u00bb css=\u00bb.vc_custom_1746572933257{padding-bottom: 40px !important;background-color: #FFFFFF !important;}\u00bb][vc_column_inner el_class=\u00bbtexto\u00bb width=\u00bb1\/2&#8243;][vc_column_text css=\u00bb\u00bb]<\/p>\n<h5 class=\"texto\" style=\"font-size: 30px;\"><a class=\"enlaces\" style=\"color: #ef0003;\" href=\"https:\/\/imperialbcn.com\/\">IMPERIAL MEETING POINT<\/a><\/h5>\n<p><span class=\"texto\" style=\"font-family: Montserrat;\"><span style=\"color: black;\">Descubre nuestro club privado para hombres y punto de encuentro para la comunidad gay.<br \/>\n<\/span><span class=\"texto\" style=\"color: black;\">Imperial es tu lugar perfecto para disfrutar de las mejores experiencias. Es un espacio seguro y original donde te quedar\u00e1s sin palabras.<br \/>\n<\/span><span style=\"color: black;\"><br \/>\n<\/span><span class=\"texto\" style=\"color: black;\">Las instalaciones est\u00e1n formadas por dos plantas con un total de m\u00e1s de 600m2 donde podr\u00e1s disfrutar de una variada programaci\u00f3n de eventos que se van publicando semanalmente en nuestra web.<br \/>\n<span class=\"texto\" style=\"color: black; font-family: Montserrat;\">Tenemos espect\u00e1culos, eventos, charlas, actividades sociales, culturales y mucho m\u00e1s&#8230;<br \/>\nPor \u00faltimo, no te pierdas nuestra planta inferior, donde est\u00e1 llena de misterios. Te encantar\u00e1 perderte en ella.<br \/>\n<\/span><\/span><\/span>[\/vc_column_text][\/vc_column_inner][vc_column_inner el_class=\u00bb.img_24x7&#8243; width=\u00bb1\/2&#8243;][vc_single_image image=\u00bb1505&#8243; img_size=\u00bb600&#215;400&#8243; alignment=\u00bbright\u00bb css=\u00bb\u00bb][\/vc_column_inner][\/vc_row_inner][\/vc_column][\/vc_row][vc_row css=\u00bb.vc_custom_1746574499094{padding-bottom: 70px !important;background-color: #F5F5F5 !important;}\u00bb el_id=\u00bbopiniones\u00bb][vc_column][vc_column_text css=\u00bb.vc_custom_1746577645399{margin-top: 30px !important;margin-bottom: 30px !important;background-color: #F5F5F5 !important;}\u00bb]<\/p>\n<h4 class=\"titulos\" style=\"font-size: 50px; text-align: center !important;\">Lo que opinan nuestros clientes<\/h4>\n<p>[\/vc_column_text][vc_raw_html css=\u00bb.vc_custom_1746575367093{margin-bottom: 0px !important;background-color: #F5F5F5 !important;}\u00bb]JTVCdHJ1c3RpbmRleCUyMG5vLXJlZ2lzdHJhdGlvbiUzRGdvb2dsZSU1RA==[\/vc_raw_html][\/vc_column][\/vc_row]<\/p>\n<\/div>","protected":false},"excerpt":{"rendered":"<p>[vc_row full_width=\u00bbstretch_row\u00bb content_type=\u00bbfull\u00bb padding_top=\u00bb0&#8243; padding_bottom=\u00bb0&#8243; background_image=\u00bb0&#8243; css=\u00bb.vc_custom_1738815074407{background-color: #FFFFFF !important;}\u00bb][vc_column css=\u00bb.vc_custom_1738773496971{background-position: center !important;background-repeat: no-repeat !important;background-size: cover !important;}\u00bb][vc_row_inner gap=\u00bb35&#8243; css=\u00bb.vc_custom_1738877327504{margin-top: 0px !important;margin-bottom: 20px !important;}\u00bb][vc_column_inner el_class=\u00bbtexto\u00bb width=\u00bb1\/2&#8243;][vc_column_text css=\u00bb.vc_custom_1746619242469{margin-bottom: 20px !important;}\u00bb] Sauna gay Valencia [\/vc_column_text][vc_column_text css=\u00bb.vc_custom_1746559075065{margin-bottom: 15px !important;}\u00bb]Descubre la sauna gay m\u00e1s moderna de Valencia! M\u00e1s de 800 m\u00b2 dise\u00f1ados para tu relax y disfrute. Sum\u00e9rgete en el jacuzzi, &hellip;<\/p>\n","protected":false},"author":4,"featured_media":2511,"parent":0,"menu_order":0,"comment_status":"closed","ping_status":"closed","template":"","meta":{"footnotes":""},"class_list":["post-399","page","type-page","status-publish","has-post-thumbnail","hentry"],"yoast_head":"<!-- This site is optimized with the Yoast SEO plugin v27.3 - https:\/\/yoast.com\/product\/yoast-seo-wordpress\/ -->\n<title>Sauna gay Valencia | Sauna Olimpic<\/title>\n<meta name=\"description\" content=\"Sauna gay Valencia - Sauna masculina en Valencia. Tenemos las instalaciones m\u00e1s modernas a tu disposici\u00f3n.\" \/>\n<meta name=\"robots\" content=\"index, follow, max-snippet:-1, max-image-preview:large, max-video-preview:-1\" \/>\n<link rel=\"canonical\" href=\"https:\/\/saunaspases.com\/saunaolimpic\/\" \/>\n<meta property=\"og:locale\" content=\"es_ES\" \/>\n<meta property=\"og:type\" content=\"article\" \/>\n<meta property=\"og:title\" content=\"Sauna gay Valencia | Sauna Olimpic\" \/>\n<meta property=\"og:description\" content=\"Sauna gay Valencia - Sauna masculina en Valencia. Tenemos las instalaciones m\u00e1s modernas a tu disposici\u00f3n.\" \/>\n<meta property=\"og:url\" content=\"https:\/\/saunaspases.com\/saunaolimpic\/\" \/>\n<meta property=\"og:site_name\" content=\"Sauna Olimpic\" \/>\n<meta property=\"article:publisher\" content=\"https:\/\/www.facebook.com\/saunacondalofficial\" \/>\n<meta property=\"article:modified_time\" content=\"2025-12-29T18:12:07+00:00\" \/>\n<meta property=\"og:image\" content=\"https:\/\/saunaspases.com\/saunaolimpic\/wp-content\/uploads\/2025\/05\/Olimpic_01.jpg\" \/>\n\t<meta property=\"og:image:width\" content=\"1400\" \/>\n\t<meta property=\"og:image:height\" content=\"800\" \/>\n\t<meta property=\"og:image:type\" content=\"image\/jpeg\" \/>\n<meta name=\"twitter:card\" content=\"summary_large_image\" \/>\n<meta name=\"twitter:site\" content=\"@SaunaCondal\" \/>\n<meta name=\"twitter:label1\" content=\"Tiempo de lectura\" \/>\n\t<meta name=\"twitter:data1\" content=\"6 minutos\" \/>\n<script type=\"application\/ld+json\" class=\"yoast-schema-graph\">{\"@context\":\"https:\\\/\\\/schema.org\",\"@graph\":[{\"@type\":\"WebPage\",\"@id\":\"https:\\\/\\\/saunaspases.com\\\/saunaolimpic\\\/\",\"url\":\"https:\\\/\\\/saunaspases.com\\\/saunaolimpic\\\/\",\"name\":\"Sauna gay Valencia | Sauna Olimpic\",\"isPartOf\":{\"@id\":\"https:\\\/\\\/saunaspases.com\\\/saunaolimpic\\\/#website\"},\"primaryImageOfPage\":{\"@id\":\"https:\\\/\\\/saunaspases.com\\\/saunaolimpic\\\/#primaryimage\"},\"image\":{\"@id\":\"https:\\\/\\\/saunaspases.com\\\/saunaolimpic\\\/#primaryimage\"},\"thumbnailUrl\":\"https:\\\/\\\/saunaspases.com\\\/saunaolimpic\\\/wp-content\\\/uploads\\\/2025\\\/05\\\/Olimpic_01.jpg\",\"datePublished\":\"2018-10-27T14:57:47+00:00\",\"dateModified\":\"2025-12-29T18:12:07+00:00\",\"description\":\"Sauna gay Valencia - Sauna masculina en Valencia. Tenemos las instalaciones m\u00e1s modernas a tu disposici\u00f3n.\",\"breadcrumb\":{\"@id\":\"https:\\\/\\\/saunaspases.com\\\/saunaolimpic\\\/#breadcrumb\"},\"inLanguage\":\"es\",\"potentialAction\":[{\"@type\":\"ReadAction\",\"target\":[\"https:\\\/\\\/saunaspases.com\\\/saunaolimpic\\\/\"]}]},{\"@type\":\"ImageObject\",\"inLanguage\":\"es\",\"@id\":\"https:\\\/\\\/saunaspases.com\\\/saunaolimpic\\\/#primaryimage\",\"url\":\"https:\\\/\\\/saunaspases.com\\\/saunaolimpic\\\/wp-content\\\/uploads\\\/2025\\\/05\\\/Olimpic_01.jpg\",\"contentUrl\":\"https:\\\/\\\/saunaspases.com\\\/saunaolimpic\\\/wp-content\\\/uploads\\\/2025\\\/05\\\/Olimpic_01.jpg\",\"width\":1400,\"height\":800,\"caption\":\"sauna gay valencia\"},{\"@type\":\"BreadcrumbList\",\"@id\":\"https:\\\/\\\/saunaspases.com\\\/saunaolimpic\\\/#breadcrumb\",\"itemListElement\":[{\"@type\":\"ListItem\",\"position\":1,\"name\":\"Portada\",\"item\":\"https:\\\/\\\/saunaspases.com\\\/saunaolimpic\\\/\"},{\"@type\":\"ListItem\",\"position\":2,\"name\":\"Sauna gay Valencia\"}]},{\"@type\":\"WebSite\",\"@id\":\"https:\\\/\\\/saunaspases.com\\\/saunaolimpic\\\/#website\",\"url\":\"https:\\\/\\\/saunaspases.com\\\/saunaolimpic\\\/\",\"name\":\"Sauna Olimpic\",\"description\":\"SAUNA OLIMPIC - OFFICIAL SITE\",\"publisher\":{\"@id\":\"https:\\\/\\\/saunaspases.com\\\/saunaolimpic\\\/#organization\"},\"potentialAction\":[{\"@type\":\"SearchAction\",\"target\":{\"@type\":\"EntryPoint\",\"urlTemplate\":\"https:\\\/\\\/saunaspases.com\\\/saunaolimpic\\\/?s={search_term_string}\"},\"query-input\":{\"@type\":\"PropertyValueSpecification\",\"valueRequired\":true,\"valueName\":\"search_term_string\"}}],\"inLanguage\":\"es\"},{\"@type\":\"Organization\",\"@id\":\"https:\\\/\\\/saunaspases.com\\\/saunaolimpic\\\/#organization\",\"name\":\"Saunas Pases\",\"url\":\"https:\\\/\\\/saunaspases.com\\\/saunaolimpic\\\/\",\"logo\":{\"@type\":\"ImageObject\",\"inLanguage\":\"es\",\"@id\":\"https:\\\/\\\/saunaspases.com\\\/saunaolimpic\\\/#\\\/schema\\\/logo\\\/image\\\/\",\"url\":\"https:\\\/\\\/saunaspases.com\\\/saunaolimpic\\\/wp-content\\\/uploads\\\/2023\\\/08\\\/LOGO-PASES-CONDAL-AGO23.jpg\",\"contentUrl\":\"https:\\\/\\\/saunaspases.com\\\/saunaolimpic\\\/wp-content\\\/uploads\\\/2023\\\/08\\\/LOGO-PASES-CONDAL-AGO23.jpg\",\"width\":600,\"height\":600,\"caption\":\"Saunas Pases\"},\"image\":{\"@id\":\"https:\\\/\\\/saunaspases.com\\\/saunaolimpic\\\/#\\\/schema\\\/logo\\\/image\\\/\"},\"sameAs\":[\"https:\\\/\\\/www.facebook.com\\\/saunacondalofficial\",\"https:\\\/\\\/x.com\\\/SaunaCondal\",\"https:\\\/\\\/www.instagram.com\\\/saunacondal\\\/\"]}]}<\/script>\n<!-- \/ Yoast SEO plugin. -->","yoast_head_json":{"title":"Sauna gay Valencia | Sauna Olimpic","description":"Sauna gay Valencia - Sauna masculina en Valencia. Tenemos las instalaciones m\u00e1s modernas a tu disposici\u00f3n.","robots":{"index":"index","follow":"follow","max-snippet":"max-snippet:-1","max-image-preview":"max-image-preview:large","max-video-preview":"max-video-preview:-1"},"canonical":"https:\/\/saunaspases.com\/saunaolimpic\/","og_locale":"es_ES","og_type":"article","og_title":"Sauna gay Valencia | Sauna Olimpic","og_description":"Sauna gay Valencia - Sauna masculina en Valencia. Tenemos las instalaciones m\u00e1s modernas a tu disposici\u00f3n.","og_url":"https:\/\/saunaspases.com\/saunaolimpic\/","og_site_name":"Sauna Olimpic","article_publisher":"https:\/\/www.facebook.com\/saunacondalofficial","article_modified_time":"2025-12-29T18:12:07+00:00","og_image":[{"width":1400,"height":800,"url":"https:\/\/saunaspases.com\/saunaolimpic\/wp-content\/uploads\/2025\/05\/Olimpic_01.jpg","type":"image\/jpeg"}],"twitter_card":"summary_large_image","twitter_site":"@SaunaCondal","twitter_misc":{"Tiempo de lectura":"6 minutos"},"schema":{"@context":"https:\/\/schema.org","@graph":[{"@type":"WebPage","@id":"https:\/\/saunaspases.com\/saunaolimpic\/","url":"https:\/\/saunaspases.com\/saunaolimpic\/","name":"Sauna gay Valencia | Sauna Olimpic","isPartOf":{"@id":"https:\/\/saunaspases.com\/saunaolimpic\/#website"},"primaryImageOfPage":{"@id":"https:\/\/saunaspases.com\/saunaolimpic\/#primaryimage"},"image":{"@id":"https:\/\/saunaspases.com\/saunaolimpic\/#primaryimage"},"thumbnailUrl":"https:\/\/saunaspases.com\/saunaolimpic\/wp-content\/uploads\/2025\/05\/Olimpic_01.jpg","datePublished":"2018-10-27T14:57:47+00:00","dateModified":"2025-12-29T18:12:07+00:00","description":"Sauna gay Valencia - Sauna masculina en Valencia. Tenemos las instalaciones m\u00e1s modernas a tu disposici\u00f3n.","breadcrumb":{"@id":"https:\/\/saunaspases.com\/saunaolimpic\/#breadcrumb"},"inLanguage":"es","potentialAction":[{"@type":"ReadAction","target":["https:\/\/saunaspases.com\/saunaolimpic\/"]}]},{"@type":"ImageObject","inLanguage":"es","@id":"https:\/\/saunaspases.com\/saunaolimpic\/#primaryimage","url":"https:\/\/saunaspases.com\/saunaolimpic\/wp-content\/uploads\/2025\/05\/Olimpic_01.jpg","contentUrl":"https:\/\/saunaspases.com\/saunaolimpic\/wp-content\/uploads\/2025\/05\/Olimpic_01.jpg","width":1400,"height":800,"caption":"sauna gay valencia"},{"@type":"BreadcrumbList","@id":"https:\/\/saunaspases.com\/saunaolimpic\/#breadcrumb","itemListElement":[{"@type":"ListItem","position":1,"name":"Portada","item":"https:\/\/saunaspases.com\/saunaolimpic\/"},{"@type":"ListItem","position":2,"name":"Sauna gay Valencia"}]},{"@type":"WebSite","@id":"https:\/\/saunaspases.com\/saunaolimpic\/#website","url":"https:\/\/saunaspases.com\/saunaolimpic\/","name":"Sauna Olimpic","description":"SAUNA OLIMPIC - OFFICIAL SITE","publisher":{"@id":"https:\/\/saunaspases.com\/saunaolimpic\/#organization"},"potentialAction":[{"@type":"SearchAction","target":{"@type":"EntryPoint","urlTemplate":"https:\/\/saunaspases.com\/saunaolimpic\/?s={search_term_string}"},"query-input":{"@type":"PropertyValueSpecification","valueRequired":true,"valueName":"search_term_string"}}],"inLanguage":"es"},{"@type":"Organization","@id":"https:\/\/saunaspases.com\/saunaolimpic\/#organization","name":"Saunas Pases","url":"https:\/\/saunaspases.com\/saunaolimpic\/","logo":{"@type":"ImageObject","inLanguage":"es","@id":"https:\/\/saunaspases.com\/saunaolimpic\/#\/schema\/logo\/image\/","url":"https:\/\/saunaspases.com\/saunaolimpic\/wp-content\/uploads\/2023\/08\/LOGO-PASES-CONDAL-AGO23.jpg","contentUrl":"https:\/\/saunaspases.com\/saunaolimpic\/wp-content\/uploads\/2023\/08\/LOGO-PASES-CONDAL-AGO23.jpg","width":600,"height":600,"caption":"Saunas Pases"},"image":{"@id":"https:\/\/saunaspases.com\/saunaolimpic\/#\/schema\/logo\/image\/"},"sameAs":["https:\/\/www.facebook.com\/saunacondalofficial","https:\/\/x.com\/SaunaCondal","https:\/\/www.instagram.com\/saunacondal\/"]}]}},"_links":{"self":[{"href":"https:\/\/saunaspases.com\/saunaolimpic\/wp-json\/wp\/v2\/pages\/399","targetHints":{"allow":["GET"]}}],"collection":[{"href":"https:\/\/saunaspases.com\/saunaolimpic\/wp-json\/wp\/v2\/pages"}],"about":[{"href":"https:\/\/saunaspases.com\/saunaolimpic\/wp-json\/wp\/v2\/types\/page"}],"author":[{"embeddable":true,"href":"https:\/\/saunaspases.com\/saunaolimpic\/wp-json\/wp\/v2\/users\/4"}],"replies":[{"embeddable":true,"href":"https:\/\/saunaspases.com\/saunaolimpic\/wp-json\/wp\/v2\/comments?post=399"}],"version-history":[{"count":843,"href":"https:\/\/saunaspases.com\/saunaolimpic\/wp-json\/wp\/v2\/pages\/399\/revisions"}],"predecessor-version":[{"id":2687,"href":"https:\/\/saunaspases.com\/saunaolimpic\/wp-json\/wp\/v2\/pages\/399\/revisions\/2687"}],"wp:featuredmedia":[{"embeddable":true,"href":"https:\/\/saunaspases.com\/saunaolimpic\/wp-json\/wp\/v2\/media\/2511"}],"wp:attachment":[{"href":"https:\/\/saunaspases.com\/saunaolimpic\/wp-json\/wp\/v2\/media?parent=399"}],"curies":[{"name":"wp","href":"https:\/\/api.w.org\/{rel}","templated":true}]}}