{"id":754,"date":"2019-03-02T16:12:33","date_gmt":"2019-03-02T16:12:33","guid":{"rendered":"http:\/\/www.davidrico.info\/saunacondal\/?page_id=754"},"modified":"2025-03-07T19:43:24","modified_gmt":"2025-03-07T19:43:24","slug":"aviso-legal","status":"publish","type":"page","link":"https:\/\/saunaspases.com\/saunaolimpic\/aviso-legal\/","title":{"rendered":"Aviso legal"},"content":{"rendered":"<div class=\"wpb-content-wrapper\"><p>[vc_row anchor=\u00bbpolitica\u00bb background_image=\u00bb0&#8243;][vc_column][vc_column_text css=\u00bb.vc_custom_1741376582634{padding-top: 20px !important;padding-bottom: 50px !important;}\u00bb inline_style=\u00bbcolor: white; margin-top: 100px;\u00bb]<\/p>\n<h1 class=\"titulos_documentos_legales\">Aviso legal<\/h1>\n<p>1.- Esta p\u00e1gina Web es titularidad de PASES S.A.<\/p>\n<ul>\n<li>CIF: A08951501<\/li>\n<li>Domicilio social: ESPOLSASACS, N\u00ba 1 08002 BARCELONA (BARCELONA)<\/li>\n<li>Contacto:<\/li>\n<li>Direcci\u00f3n de correo electr\u00f3nico: victorhm@pases.es<\/li>\n<li>Tel\u00e9fono: (+34) 934813070<\/li>\n<li>Inscrita en el Registro Mercantil de Barcelona, Tomo\u00a06110,\u00a0Libro 5401, Secci\u00f3n 2\u00aa,\u00a0Folio 76, Hoja n\u00ba 72196, Inscripci\u00f3n 1\u00aa.<\/li>\n<\/ul>\n<p>2.- La utilizaci\u00f3n de esta p\u00e1gina Web atribuye la condici\u00f3n de Usuario a quien lo haga e implica la aceptaci\u00f3n de todas las condiciones incluidas en este Aviso Legal. El Usuario deber\u00e1 leer estas condiciones cada vez que acceda a esta Web, ya que pueden ser modificadas en lo sucesivo. Algunos aspectos de esta p\u00e1gina Web, por su especialidad, pueden estar sujetos a condiciones o reglas particulares que pueden sustituir, completar o modificar este Aviso Legal, por lo que tambi\u00e9n deben ser aceptadas por el Usuario que los utilice o acceda a ellos.<\/p>\n<p>3.- Todos los contenidos de esta Web (textos, fotograf\u00edas, gr\u00e1ficos, im\u00e1genes, tecnolog\u00eda, software, links, contenidos audiovisuales o sonoros, dise\u00f1o gr\u00e1fico, c\u00f3digo fuente, etc.), as\u00ed como las marcas y dem\u00e1s signos distintivos son propiedad de PASES S.A. o de terceros, no adquiriendo el Usuario ning\u00fan derecho sobre ellos por el mero uso de esta Web.<\/p>\n<p>El Usuario, deber\u00e1 abstenerse de: a) reproducir, copiar, distribuir, poner a disposici\u00f3n de terceros, comunicar p\u00fablicamente, transformar o modificar los contenidos de esta Web, salvo en los casos contemplados en la ley o expresamente autorizados por PASES S.A. o por el titular de dichos derechos; b) reproducir o copiar para uso privado el software, las im\u00e1genes, los videos o las bases de datos existentes en esta Web, as\u00ed como comunicarlos p\u00fablicamente o ponerlos a disposici\u00f3n de terceros cuando ello conlleve su reproducci\u00f3n; c) extraer o reutilizar los contenidos integrantes de esta Web.<\/p>\n<p>4.- El Usuario que quiera introducir enlaces a esta Web desde sus propias p\u00e1ginas Web estar\u00e1 obligado a cumplir las condiciones siguientes: a) el enlace \u00fanicamente vincular\u00e1 con la home page, no pudiendo reproducirla de ninguna forma; b) no podr\u00e1n establecerse frames o marcos de cualquier tipo que rodeen la Web o permitan visualizarla a trav\u00e9s de direcciones de Internet distintas o conjuntamente con contenidos ajenos a esta Web, de forma que produzca, o pueda producir, error o confusi\u00f3n en los Usuarios sobre la procedencia del servicio o su contenido, implique un acto de comparaci\u00f3n o imitaci\u00f3n desleal, sirva para aprovechar la reputaci\u00f3n, marca y prestigio de PASES S.A. o se haga de cualquier otro modo que est\u00e9 prohibido por la Ley; c)\u00a0 desde la p\u00e1gina que realice el enlace no podr\u00e1 efectuarse ning\u00fan tipo de manifestaci\u00f3n falsa o inexacta sobre PASES S.A. o sobre la calidad de sus productos y servicios; d) El remitente no podr\u00e1 utilizar la marca o cualquier otro signo distintivo de PASES S.A. dentro de su p\u00e1gina Web, salvo en los casos autorizados por la ley o permitidos expresamente por PASES S.A. ; e)\u00a0 la p\u00e1gina que establezca el enlace deber\u00e1 observar la legalidad vigente y no podr\u00e1 disponer de o enlazar con contenidos il\u00edcitos, nocivos, contrarios a la moral y a las buenas costumbres, que produzcan o puedan producir la falsa idea de que PASES S.A. respalda o apoya, las ideas, manifestaciones o actuaciones del remitente o que resulten inadecuados en relaci\u00f3n con la actividad desarrollada por PASES S.A. , teniendo en cuenta los contenidos y la tem\u00e1tica general de la p\u00e1gina Web donde se establezca el enlace.<\/p>\n<p>5.- PASES S.A. no es responsable de controlar que en esta Web no existan programas maliciosos o cualquier otro elemento inform\u00e1tico da\u00f1ino. Corresponde al Usuario, en todo caso, disponer de herramientas adecuadas para la detecci\u00f3n y desinfecci\u00f3n de estos elementos. De acuerdo con ello, PASES S.A. no se responsabiliza de los da\u00f1os producidos a equipos inform\u00e1ticos durante el acceso a la presente Web. Igualmente, PASES S.A. no ser\u00e1 responsable de los da\u00f1os producidos a los Usuarios cuando dichos da\u00f1os tengan su origen en fallos o desconexiones en las redes de telecomunicaciones que interrumpan el servicio de esta Web.<\/p>\n<p>6.- Esta Web puede incluir enlaces que permiten al Usuario acceder a otras p\u00e1ginas de Internet. En estos casos, PASES S.A. s\u00f3lo ser\u00e1 responsable de los contenidos y servicios suministrados a trav\u00e9s de los enlaces en cuanto conozca su ilicitud y no los haya desactivado diligentemente. Si un Usuario considerase que existe un enlace con contenidos il\u00edcitos o inadecuados, podr\u00e1 indic\u00e1rselo a PASES S.A., sin que ello suponga que este quede obligado por ello a retirar el correspondiente enlace. PASES S.A. no siempre conoce los contenidos y servicios de los enlaces y por tanto no se hace responsable por los da\u00f1os derivados de su falta de calidad, desactualizaci\u00f3n, indisponibilidad, error, inutilidad o ilegalidad y no responde de las manifestaciones realizadas o de los contenidos o servicios proporcionados a trav\u00e9s de ellos, salvo que sea directamente responsable de la prestaci\u00f3n de dichos servicios.<\/p>\n<p>7.- El Usuario se compromete a hacer un uso correcto de esta Web de conformidad con la Ley, con el presente Aviso Legal y con las dem\u00e1s condiciones, reglamentos e instrucciones que, en su caso, pudieran ser de aplicaci\u00f3n. El Usuario responder\u00e1 frente a PASES S.A. y frente a terceros de cualesquiera da\u00f1os o perjuicios que pudieran causarse por incumplimiento de estas obligaciones.<\/p>\n<p>8.- El presente Aviso Legal se rige \u00edntegramente por la legislaci\u00f3n espa\u00f1ola. Para la resoluci\u00f3n de cualquier conflicto relativo a la interpretaci\u00f3n o aplicaci\u00f3n de este Aviso Legal, el Usuario se somete expresamente a la jurisdicci\u00f3n de los tribunales en donde est\u00e9 domiciliada PASES S.A..[\/vc_column_text][\/vc_column][\/vc_row][vc_row background_image=\u00bb0&#8243; el_class=\u00bbjs_code\u00bb][vc_column][vc_raw_js]JTNDc2NyaXB0JTIwdHlwZSUzRCUyMnRleHQlMkZqYXZhc2NyaXB0JTIyJTNFJTIwJTBBJTI0JTI4JTIwJTI3Lm5hdi1tZW51JTIwLm1lbnUtaXRlbSUyMGElMjclMjkuZWFjaCUyOGZ1bmN0aW9uJTI4JTIwaW5kZXglMjAlMjklMjAlN0IlMEElMjAlMjB1cmwlMjAlM0QlMjAlMjQlMjh0aGlzJTI5LmF0dHIlMjglMjdocmVmJTI3JTI5JTNCJTBBJTIwJTIwaWYlMjglMjB1cmwlMjAlMjElM0QlMjAlMjclMkYlMjclMjklMEElMjAlMjAlMjAlMjAlMjQlMjh0aGlzJTI5LmF0dHIlMjglMjdocmVmJTI3JTJDJTI3JTJGc2F1bmFjb25kYWwlMkYlMjclMkJ1cmwlMjklM0IlMjAlMEElN0QlMjklM0IlMEElM0MlMkZzY3JpcHQlM0U=[\/vc_raw_js][\/vc_column][\/vc_row]<\/p>\n<\/div>","protected":false},"excerpt":{"rendered":"<p>[vc_row anchor=\u00bbpolitica\u00bb background_image=\u00bb0&#8243;][vc_column][vc_column_text css=\u00bb.vc_custom_1741376582634{padding-top: 20px !important;padding-bottom: 50px !important;}\u00bb inline_style=\u00bbcolor: white; margin-top: 100px;\u00bb] Aviso legal 1.- Esta p\u00e1gina Web es titularidad de PASES S.A. CIF: A08951501 Domicilio social: ESPOLSASACS, N\u00ba 1 08002 BARCELONA (BARCELONA) Contacto: Direcci\u00f3n de correo electr\u00f3nico: victorhm@pases.es Tel\u00e9fono: (+34) 934813070 Inscrita en el Registro Mercantil de Barcelona, Tomo\u00a06110,\u00a0Libro 5401, Secci\u00f3n 2\u00aa,\u00a0Folio 76, Hoja &hellip;<\/p>\n","protected":false},"author":4,"featured_media":0,"parent":0,"menu_order":0,"comment_status":"closed","ping_status":"closed","template":"","meta":{"footnotes":""},"class_list":["post-754","page","type-page","status-publish","hentry"],"yoast_head":"<!-- This site is optimized with the Yoast SEO plugin v27.3 - https:\/\/yoast.com\/product\/yoast-seo-wordpress\/ -->\n<title>Aviso legal | Sauna Olimpic<\/title>\n<meta name=\"robots\" content=\"index, follow, max-snippet:-1, max-image-preview:large, max-video-preview:-1\" \/>\n<link rel=\"canonical\" href=\"https:\/\/saunaspases.com\/saunaolimpic\/aviso-legal\/\" \/>\n<meta property=\"og:locale\" content=\"es_ES\" \/>\n<meta property=\"og:type\" content=\"article\" \/>\n<meta property=\"og:title\" content=\"Aviso legal | Sauna Olimpic\" \/>\n<meta property=\"og:description\" content=\"[vc_row anchor=\u00bbpolitica\u00bb background_image=\u00bb0&#8243;][vc_column][vc_column_text css=\u00bb.vc_custom_1741376582634{padding-top: 20px !important;padding-bottom: 50px !important;}\u00bb inline_style=\u00bbcolor: white; margin-top: 100px;\u00bb] Aviso legal 1.- Esta p\u00e1gina Web es titularidad de PASES S.A. CIF: A08951501 Domicilio social: ESPOLSASACS, N\u00ba 1 08002 BARCELONA (BARCELONA) Contacto: Direcci\u00f3n de correo electr\u00f3nico: victorhm@pases.es Tel\u00e9fono: (+34) 934813070 Inscrita en el Registro Mercantil de Barcelona, Tomo\u00a06110,\u00a0Libro 5401, Secci\u00f3n 2\u00aa,\u00a0Folio 76, Hoja &hellip;\" \/>\n<meta property=\"og:url\" content=\"https:\/\/saunaspases.com\/saunaolimpic\/aviso-legal\/\" \/>\n<meta property=\"og:site_name\" content=\"Sauna Olimpic\" \/>\n<meta property=\"article:publisher\" content=\"https:\/\/www.facebook.com\/saunacondalofficial\" \/>\n<meta property=\"article:modified_time\" content=\"2025-03-07T19:43:24+00:00\" \/>\n<meta name=\"twitter:card\" content=\"summary_large_image\" \/>\n<meta name=\"twitter:site\" content=\"@SaunaCondal\" \/>\n<meta name=\"twitter:label1\" content=\"Tiempo de lectura\" \/>\n\t<meta name=\"twitter:data1\" content=\"5 minutos\" \/>\n<script type=\"application\/ld+json\" class=\"yoast-schema-graph\">{\"@context\":\"https:\\\/\\\/schema.org\",\"@graph\":[{\"@type\":\"WebPage\",\"@id\":\"https:\\\/\\\/saunaspases.com\\\/saunaolimpic\\\/aviso-legal\\\/\",\"url\":\"https:\\\/\\\/saunaspases.com\\\/saunaolimpic\\\/aviso-legal\\\/\",\"name\":\"Aviso legal | Sauna Olimpic\",\"isPartOf\":{\"@id\":\"https:\\\/\\\/saunaspases.com\\\/saunaolimpic\\\/#website\"},\"datePublished\":\"2019-03-02T16:12:33+00:00\",\"dateModified\":\"2025-03-07T19:43:24+00:00\",\"breadcrumb\":{\"@id\":\"https:\\\/\\\/saunaspases.com\\\/saunaolimpic\\\/aviso-legal\\\/#breadcrumb\"},\"inLanguage\":\"es\",\"potentialAction\":[{\"@type\":\"ReadAction\",\"target\":[\"https:\\\/\\\/saunaspases.com\\\/saunaolimpic\\\/aviso-legal\\\/\"]}]},{\"@type\":\"BreadcrumbList\",\"@id\":\"https:\\\/\\\/saunaspases.com\\\/saunaolimpic\\\/aviso-legal\\\/#breadcrumb\",\"itemListElement\":[{\"@type\":\"ListItem\",\"position\":1,\"name\":\"Portada\",\"item\":\"https:\\\/\\\/saunaspases.com\\\/saunaolimpic\\\/\"},{\"@type\":\"ListItem\",\"position\":2,\"name\":\"Aviso legal\"}]},{\"@type\":\"WebSite\",\"@id\":\"https:\\\/\\\/saunaspases.com\\\/saunaolimpic\\\/#website\",\"url\":\"https:\\\/\\\/saunaspases.com\\\/saunaolimpic\\\/\",\"name\":\"Sauna Olimpic\",\"description\":\"SAUNA OLIMPIC - OFFICIAL SITE\",\"publisher\":{\"@id\":\"https:\\\/\\\/saunaspases.com\\\/saunaolimpic\\\/#organization\"},\"potentialAction\":[{\"@type\":\"SearchAction\",\"target\":{\"@type\":\"EntryPoint\",\"urlTemplate\":\"https:\\\/\\\/saunaspases.com\\\/saunaolimpic\\\/?s={search_term_string}\"},\"query-input\":{\"@type\":\"PropertyValueSpecification\",\"valueRequired\":true,\"valueName\":\"search_term_string\"}}],\"inLanguage\":\"es\"},{\"@type\":\"Organization\",\"@id\":\"https:\\\/\\\/saunaspases.com\\\/saunaolimpic\\\/#organization\",\"name\":\"Saunas Pases\",\"url\":\"https:\\\/\\\/saunaspases.com\\\/saunaolimpic\\\/\",\"logo\":{\"@type\":\"ImageObject\",\"inLanguage\":\"es\",\"@id\":\"https:\\\/\\\/saunaspases.com\\\/saunaolimpic\\\/#\\\/schema\\\/logo\\\/image\\\/\",\"url\":\"https:\\\/\\\/saunaspases.com\\\/saunaolimpic\\\/wp-content\\\/uploads\\\/2023\\\/08\\\/LOGO-PASES-CONDAL-AGO23.jpg\",\"contentUrl\":\"https:\\\/\\\/saunaspases.com\\\/saunaolimpic\\\/wp-content\\\/uploads\\\/2023\\\/08\\\/LOGO-PASES-CONDAL-AGO23.jpg\",\"width\":600,\"height\":600,\"caption\":\"Saunas Pases\"},\"image\":{\"@id\":\"https:\\\/\\\/saunaspases.com\\\/saunaolimpic\\\/#\\\/schema\\\/logo\\\/image\\\/\"},\"sameAs\":[\"https:\\\/\\\/www.facebook.com\\\/saunacondalofficial\",\"https:\\\/\\\/x.com\\\/SaunaCondal\",\"https:\\\/\\\/www.instagram.com\\\/saunacondal\\\/\"]}]}<\/script>\n<!-- \/ Yoast SEO plugin. -->","yoast_head_json":{"title":"Aviso legal | Sauna Olimpic","robots":{"index":"index","follow":"follow","max-snippet":"max-snippet:-1","max-image-preview":"max-image-preview:large","max-video-preview":"max-video-preview:-1"},"canonical":"https:\/\/saunaspases.com\/saunaolimpic\/aviso-legal\/","og_locale":"es_ES","og_type":"article","og_title":"Aviso legal | Sauna Olimpic","og_description":"[vc_row anchor=\u00bbpolitica\u00bb background_image=\u00bb0&#8243;][vc_column][vc_column_text css=\u00bb.vc_custom_1741376582634{padding-top: 20px !important;padding-bottom: 50px !important;}\u00bb inline_style=\u00bbcolor: white; margin-top: 100px;\u00bb] Aviso legal 1.- Esta p\u00e1gina Web es titularidad de PASES S.A. CIF: A08951501 Domicilio social: ESPOLSASACS, N\u00ba 1 08002 BARCELONA (BARCELONA) Contacto: Direcci\u00f3n de correo electr\u00f3nico: victorhm@pases.es Tel\u00e9fono: (+34) 934813070 Inscrita en el Registro Mercantil de Barcelona, Tomo\u00a06110,\u00a0Libro 5401, Secci\u00f3n 2\u00aa,\u00a0Folio 76, Hoja &hellip;","og_url":"https:\/\/saunaspases.com\/saunaolimpic\/aviso-legal\/","og_site_name":"Sauna Olimpic","article_publisher":"https:\/\/www.facebook.com\/saunacondalofficial","article_modified_time":"2025-03-07T19:43:24+00:00","twitter_card":"summary_large_image","twitter_site":"@SaunaCondal","twitter_misc":{"Tiempo de lectura":"5 minutos"},"schema":{"@context":"https:\/\/schema.org","@graph":[{"@type":"WebPage","@id":"https:\/\/saunaspases.com\/saunaolimpic\/aviso-legal\/","url":"https:\/\/saunaspases.com\/saunaolimpic\/aviso-legal\/","name":"Aviso legal | Sauna Olimpic","isPartOf":{"@id":"https:\/\/saunaspases.com\/saunaolimpic\/#website"},"datePublished":"2019-03-02T16:12:33+00:00","dateModified":"2025-03-07T19:43:24+00:00","breadcrumb":{"@id":"https:\/\/saunaspases.com\/saunaolimpic\/aviso-legal\/#breadcrumb"},"inLanguage":"es","potentialAction":[{"@type":"ReadAction","target":["https:\/\/saunaspases.com\/saunaolimpic\/aviso-legal\/"]}]},{"@type":"BreadcrumbList","@id":"https:\/\/saunaspases.com\/saunaolimpic\/aviso-legal\/#breadcrumb","itemListElement":[{"@type":"ListItem","position":1,"name":"Portada","item":"https:\/\/saunaspases.com\/saunaolimpic\/"},{"@type":"ListItem","position":2,"name":"Aviso legal"}]},{"@type":"WebSite","@id":"https:\/\/saunaspases.com\/saunaolimpic\/#website","url":"https:\/\/saunaspases.com\/saunaolimpic\/","name":"Sauna Olimpic","description":"SAUNA OLIMPIC - OFFICIAL SITE","publisher":{"@id":"https:\/\/saunaspases.com\/saunaolimpic\/#organization"},"potentialAction":[{"@type":"SearchAction","target":{"@type":"EntryPoint","urlTemplate":"https:\/\/saunaspases.com\/saunaolimpic\/?s={search_term_string}"},"query-input":{"@type":"PropertyValueSpecification","valueRequired":true,"valueName":"search_term_string"}}],"inLanguage":"es"},{"@type":"Organization","@id":"https:\/\/saunaspases.com\/saunaolimpic\/#organization","name":"Saunas Pases","url":"https:\/\/saunaspases.com\/saunaolimpic\/","logo":{"@type":"ImageObject","inLanguage":"es","@id":"https:\/\/saunaspases.com\/saunaolimpic\/#\/schema\/logo\/image\/","url":"https:\/\/saunaspases.com\/saunaolimpic\/wp-content\/uploads\/2023\/08\/LOGO-PASES-CONDAL-AGO23.jpg","contentUrl":"https:\/\/saunaspases.com\/saunaolimpic\/wp-content\/uploads\/2023\/08\/LOGO-PASES-CONDAL-AGO23.jpg","width":600,"height":600,"caption":"Saunas Pases"},"image":{"@id":"https:\/\/saunaspases.com\/saunaolimpic\/#\/schema\/logo\/image\/"},"sameAs":["https:\/\/www.facebook.com\/saunacondalofficial","https:\/\/x.com\/SaunaCondal","https:\/\/www.instagram.com\/saunacondal\/"]}]}},"_links":{"self":[{"href":"https:\/\/saunaspases.com\/saunaolimpic\/wp-json\/wp\/v2\/pages\/754","targetHints":{"allow":["GET"]}}],"collection":[{"href":"https:\/\/saunaspases.com\/saunaolimpic\/wp-json\/wp\/v2\/pages"}],"about":[{"href":"https:\/\/saunaspases.com\/saunaolimpic\/wp-json\/wp\/v2\/types\/page"}],"author":[{"embeddable":true,"href":"https:\/\/saunaspases.com\/saunaolimpic\/wp-json\/wp\/v2\/users\/4"}],"replies":[{"embeddable":true,"href":"https:\/\/saunaspases.com\/saunaolimpic\/wp-json\/wp\/v2\/comments?post=754"}],"version-history":[{"count":16,"href":"https:\/\/saunaspases.com\/saunaolimpic\/wp-json\/wp\/v2\/pages\/754\/revisions"}],"predecessor-version":[{"id":2485,"href":"https:\/\/saunaspases.com\/saunaolimpic\/wp-json\/wp\/v2\/pages\/754\/revisions\/2485"}],"wp:attachment":[{"href":"https:\/\/saunaspases.com\/saunaolimpic\/wp-json\/wp\/v2\/media?parent=754"}],"curies":[{"name":"wp","href":"https:\/\/api.w.org\/{rel}","templated":true}]}}