{"id":760,"date":"2019-03-02T16:22:40","date_gmt":"2019-03-02T16:22:40","guid":{"rendered":"http:\/\/www.davidrico.info\/saunacondal\/?page_id=760"},"modified":"2025-03-07T19:42:30","modified_gmt":"2025-03-07T19:42:30","slug":"politica-de-cookies","status":"publish","type":"page","link":"https:\/\/saunaspases.com\/saunaolimpic\/politica-de-cookies\/","title":{"rendered":"Pol\u00edtica de cookies"},"content":{"rendered":"<div class=\"wpb-content-wrapper\"><p>[vc_row anchor=\u00bbpolitica\u00bb background_image=\u00bb0&#8243;][vc_column][vc_column_text css=\u00bb.vc_custom_1741376529143{padding-top: 20px !important;padding-bottom: 50px !important;}\u00bb inline_style=\u00bbcolor: white; margin-top: 100px;\u00bb]<\/p>\n<h1 class=\"titulos_documentos_legales\">Pol\u00edtica de Cookies<\/h1>\n<p>Las cookies constituyen una herramienta empleada por los servidores Web para almacenar y recuperar informaci\u00f3n acerca de sus visitantes o usuarios. No es m\u00e1s que un fichero de texto que algunos servidores instalan durante la navegaci\u00f3n y que permiten conocer informaci\u00f3n como por ejemplo: el lugar desde el que accede, el tiempo de conexi\u00f3n, el dispositivo desde el que accede (fijo o m\u00f3vil), el sistema operativo y navegador utilizados, las p\u00e1ginas m\u00e1s visitadas, el n\u00famero de click realizados y de datos respecto al comportamiento del usuario en Internet. No proporcionan referencias que permitan deducir el nombre y apellidos del usuario y no pueden leer datos de su disco duro ni incluir virus en sus equipos. Asimismo, no puede leer las cookies implantadas en el disco duro del usuario desde otros servidores.<\/p>\n<p><strong>\u00bfPor qu\u00e9 son importantes?<\/strong><\/p>\n<p>El sitio web es accesible sin necesidad de que las cookies est\u00e9n activadas, si bien, su desactivaci\u00f3n puede impedir su funcionamiento correcto.<br \/>\nDesde un punto de vista t\u00e9cnico las cookies permiten que los sitios web funcionen de forma m\u00e1s \u00e1gil y adaptada a las preferencias de los usuarios, como por ejemplo almacenar el idioma, la moneda del pa\u00eds o detectar el dispositivo de acceso.<br \/>\nEstablecen niveles de protecci\u00f3n y seguridad que Impiden o dificultan ciberataques contra el sitio web o sus usuarios.<br \/>\nPermiten que los gestores de los medios puedan conocer datos estad\u00edsticos recopilados para mejorar la calidad y experiencia de sus servicios.<br \/>\nSirven para optimizar la publicidad que mostramos a los usuarios, ofreciendo la que m\u00e1s se ajusta a sus intereses.<\/p>\n<p><strong>Autorizaci\u00f3n para el uso de cookies<\/strong><\/p>\n<p>En el sitio web aparece un <strong>Aviso de Cookies<\/strong> que el usuario o visitante puede aceptar, consintiendo expresamente al uso de las cookies seg\u00fan se indica a continuaci\u00f3n.<br \/>\nEl usuario puede configurar su navegador para rechazar por defecto todas las cookies o para recibir un aviso en pantalla de la recepci\u00f3n de cada cookie y decidir sobre su instalaci\u00f3n o no en su disco duro.<\/p>\n<p>Configuraci\u00f3n del navegador<\/p>\n<p><strong>PASES S.A.<\/strong> recuerda a sus usuarios que el uso de cookies podr\u00e1 estar sujeto a su aceptaci\u00f3n durante la instalaci\u00f3n o actualizaci\u00f3n del navegador utilizado por \u00e9stos.<\/p>\n<p>Esta aceptaci\u00f3n podr\u00e1 ser revocada mediante las opciones de configuraci\u00f3n de contenidos y privacidad disponibles en el mismo. El Titular recomienda a sus usuarios que consulten la ayuda de su navegador o acceda a las p\u00e1ginas web de ayuda de los principales navegadores: Firefox, Internet Explorer, Safari, Chrome.<\/p>\n<p>Si desea m\u00e1s informaci\u00f3n acerca de c\u00f3mo revocar el consentimiento prestado o sobre el procedimiento para deshabilitar las cookies, as\u00ed como realizar alguna pregunta sobre la Pol\u00edtica de Cookies, puede contactar con el titular a trav\u00e9s de la siguiente direcci\u00f3n de correo electr\u00f3nico victorhm@pases.es\u00a0 indicando \u201cPol\u00edtica de Cookies\u201d en el asunto.<\/p>\n<h2>Tipos de Cookies que se utilizan en la Web<\/h2>\n<p>El usuario que navega por la Web puede encontrar cookies insertadas directamente por el titular, o bien cookies insertadas por entidades distintas al titular, seg\u00fan lo detallado en los siguientes apartados:<\/p>\n<p><em>(Indicar los tipos de cookies empleadas)<\/em><\/p>\n<ul>\n<li><strong>Cookies de sesi\u00f3n<\/strong>, expiran cuando el usuario abandona la p\u00e1gina o cierra el navegador, es decir, est\u00e1n activas mientras dura la visita al sitio web y por tanto son borradas de nuestro ordenador al abandonarlo.<\/li>\n<li><strong>Cookies permanentes<\/strong>, expiran cuando se cumple el objetivo para el que sirven o bien cuando se borran manualmente, tienen fecha de borrado y se utilizan normalmente en proceso de compra online, personalizaciones o en el registro, para no tener que introducir una contrase\u00f1a constantemente.<\/li>\n<\/ul>\n<p>Seg\u00fan la entidad que gestiona el equipo o dominio desde donde se env\u00edan las cookies y trata los datos que se obtengan, podemos distinguir entre Cookies propias y de terceros.<\/p>\n<ul>\n<li><strong>Cookies propias<\/strong> son aquellas cookies que son enviadas al ordenador del usuario y son gestionadas exclusivamente por nosotros para el mejor funcionamiento del Sitio Web. La informaci\u00f3n que recabamos se emplea para mejorar la calidad de nuestro servicio y tu experiencia como usuario.<\/li>\n<li><strong>Cookies de terceros, <\/strong>cuando el usuario interact\u00faa con el contenido de nuestro sitio Web tambi\u00e9n pueden establecerse cookies de terceros (por ejemplo, al pulsar botones de redes sociales o visionar v\u00eddeos alojados en otro sitio web), que son aquellas establecidas por un dominio diferente de nuestro Sitio Web. No podemos acceder a los datos almacenados en las cookies de otros sitios web cuando navegues en los citados sitios web.<\/li>\n<\/ul>\n<p>Navegar por este portal web supone que se puedan instalar los siguientes tipos de Cookies:<\/p>\n<h4>TIPO DE COOKIES:<\/h4>\n<p>DE RENDIMIENTO:<br \/>\nEstas cookies se utilizan para mejorar tu experiencia de navegaci\u00f3n y optimizar el funcionamiento de nuestros sitios web.<br \/>\nAlmacenan configuraciones de servicios para que no tengas que reconfigurarlos cada vez que nos visitas.<br \/>\nEjemplo de uso:<br \/>\n&#8211;\u00a0 Ajustes de volumen de reproductores de video y sonido.<br \/>\n&#8211;\u00a0 Velocidades de trasmisi\u00f3n de videos \u00f3ptimas.<br \/>\n&#8211;\u00a0 Almacena la compra realizada en un \u201ccarrito de la compra\u201d en los servicios E-commerce.<\/p>\n<p>DE GEOLOCALIZACION:<br \/>\nEstas cookies se utilizan para almacenar datos de geolocalizaci\u00f3n del ordenador o dispositivos para ofrecerte contenidos y servicios m\u00e1s adecuados.<br \/>\nEjemplo de uso:<br \/>\n&#8211;\u00a0 Contenidos ajustados al pa\u00eds, ciudad, idioma, etc.<\/p>\n<p>DE REGISTRO:<br \/>\nLas cookies de registro se crean al registrarte o cuando inicias sesi\u00f3n en uno de nuestros portales web.<br \/>\nEjemplo de uso:<br \/>\n&#8211;\u00a0 Puedes mantenerte autenticado aunque cierres el navegador, as\u00ed cuando vuelvas seguir\u00e1s identificado a menos que te desconectes o cierres la sesi\u00f3n.<br \/>\n&#8211;\u00a0 Para acceder a ciertas zonas de nuestros portales web, por ejemplo para participar en un concurso.<\/p>\n<p>ANALITICAS:<br \/>\nEstas cookies recopilan informaci\u00f3n de tu experiencia de navegaci\u00f3n en nuestros portales web de forma totalmente an\u00f3nima<br \/>\nEjemplo de uso:<br \/>\n&#8211; \u00a0Podemos contabilizar el n\u00famero de visitantes<br \/>\n&#8211;\u00a0 Podemos saber si el usuario repite visita<br \/>\n&#8211;\u00a0 Esta informaci\u00f3n puede ayudarnos\u00a0 a mejorar la navegaci\u00f3n y mejorar el servicio<\/p>\n<p>DE PUBLICIDAD:<br \/>\nEstas cookies recogen informaci\u00f3n sobre los anuncios mostrados a cada usuario an\u00f3nimo en los portales web.<br \/>\nEjemplo de uso:<br \/>\n&#8211;\u00a0 Adaptar la publicidad al tipo de dispositivo desde el que el usuario se est\u00e1 conectando.<br \/>\n&#8211;\u00a0 Proporcionar anuncios gestionados a trav\u00e9s de terceros que son mostrados en la p\u00e1gina en tiempo real.[\/vc_column_text][\/vc_column][\/vc_row][vc_row background_image=\u00bb0&#8243; el_class=\u00bbjs_code\u00bb][vc_column][vc_raw_js]JTNDc2NyaXB0JTIwdHlwZSUzRCUyMnRleHQlMkZqYXZhc2NyaXB0JTIyJTNFJTIwJTBBJTI0JTI4JTIwJTI3Lm5hdi1tZW51JTIwLm1lbnUtaXRlbSUyMGElMjclMjkuZWFjaCUyOGZ1bmN0aW9uJTI4JTIwaW5kZXglMjAlMjklMjAlN0IlMEElMjAlMjB1cmwlMjAlM0QlMjAlMjQlMjh0aGlzJTI5LmF0dHIlMjglMjdocmVmJTI3JTI5JTNCJTBBJTIwJTIwaWYlMjglMjB1cmwlMjAlMjElM0QlMjAlMjclMkYlMjclMjklMEElMjAlMjAlMjAlMjAlMjQlMjh0aGlzJTI5LmF0dHIlMjglMjdocmVmJTI3JTJDJTI3JTJGc2F1bmFjb25kYWwlMkYlMjclMkJ1cmwlMjklM0IlMjAlMEElN0QlMjklM0IlMEElM0MlMkZzY3JpcHQlM0U=[\/vc_raw_js][\/vc_column][\/vc_row]<\/p>\n<\/div>","protected":false},"excerpt":{"rendered":"<p>[vc_row anchor=\u00bbpolitica\u00bb background_image=\u00bb0&#8243;][vc_column][vc_column_text css=\u00bb.vc_custom_1741376529143{padding-top: 20px !important;padding-bottom: 50px !important;}\u00bb inline_style=\u00bbcolor: white; margin-top: 100px;\u00bb] Pol\u00edtica de Cookies Las cookies constituyen una herramienta empleada por los servidores Web para almacenar y recuperar informaci\u00f3n acerca de sus visitantes o usuarios. No es m\u00e1s que un fichero de texto que algunos servidores instalan durante la navegaci\u00f3n y que permiten conocer &hellip;<\/p>\n","protected":false},"author":4,"featured_media":0,"parent":0,"menu_order":0,"comment_status":"closed","ping_status":"closed","template":"","meta":{"footnotes":""},"class_list":["post-760","page","type-page","status-publish","hentry"],"yoast_head":"<!-- This site is optimized with the Yoast SEO plugin v27.3 - https:\/\/yoast.com\/product\/yoast-seo-wordpress\/ -->\n<title>Pol\u00edtica de cookies | Sauna Olimpic<\/title>\n<meta name=\"robots\" content=\"index, follow, max-snippet:-1, max-image-preview:large, max-video-preview:-1\" \/>\n<link rel=\"canonical\" href=\"https:\/\/saunaspases.com\/saunaolimpic\/politica-de-cookies\/\" \/>\n<meta property=\"og:locale\" content=\"es_ES\" \/>\n<meta property=\"og:type\" content=\"article\" \/>\n<meta property=\"og:title\" content=\"Pol\u00edtica de cookies | Sauna Olimpic\" \/>\n<meta property=\"og:description\" content=\"[vc_row anchor=\u00bbpolitica\u00bb background_image=\u00bb0&#8243;][vc_column][vc_column_text css=\u00bb.vc_custom_1741376529143{padding-top: 20px !important;padding-bottom: 50px !important;}\u00bb inline_style=\u00bbcolor: white; margin-top: 100px;\u00bb] Pol\u00edtica de Cookies Las cookies constituyen una herramienta empleada por los servidores Web para almacenar y recuperar informaci\u00f3n acerca de sus visitantes o usuarios. No es m\u00e1s que un fichero de texto que algunos servidores instalan durante la navegaci\u00f3n y que permiten conocer &hellip;\" \/>\n<meta property=\"og:url\" content=\"https:\/\/saunaspases.com\/saunaolimpic\/politica-de-cookies\/\" \/>\n<meta property=\"og:site_name\" content=\"Sauna Olimpic\" \/>\n<meta property=\"article:publisher\" content=\"https:\/\/www.facebook.com\/saunacondalofficial\" \/>\n<meta property=\"article:modified_time\" content=\"2025-03-07T19:42:30+00:00\" \/>\n<meta name=\"twitter:card\" content=\"summary_large_image\" \/>\n<meta name=\"twitter:site\" content=\"@SaunaCondal\" \/>\n<meta name=\"twitter:label1\" content=\"Tiempo de lectura\" \/>\n\t<meta name=\"twitter:data1\" content=\"5 minutos\" \/>\n<script type=\"application\/ld+json\" class=\"yoast-schema-graph\">{\"@context\":\"https:\\\/\\\/schema.org\",\"@graph\":[{\"@type\":\"WebPage\",\"@id\":\"https:\\\/\\\/saunaspases.com\\\/saunaolimpic\\\/politica-de-cookies\\\/\",\"url\":\"https:\\\/\\\/saunaspases.com\\\/saunaolimpic\\\/politica-de-cookies\\\/\",\"name\":\"Pol\u00edtica de cookies | Sauna Olimpic\",\"isPartOf\":{\"@id\":\"https:\\\/\\\/saunaspases.com\\\/saunaolimpic\\\/#website\"},\"datePublished\":\"2019-03-02T16:22:40+00:00\",\"dateModified\":\"2025-03-07T19:42:30+00:00\",\"breadcrumb\":{\"@id\":\"https:\\\/\\\/saunaspases.com\\\/saunaolimpic\\\/politica-de-cookies\\\/#breadcrumb\"},\"inLanguage\":\"es\",\"potentialAction\":[{\"@type\":\"ReadAction\",\"target\":[\"https:\\\/\\\/saunaspases.com\\\/saunaolimpic\\\/politica-de-cookies\\\/\"]}]},{\"@type\":\"BreadcrumbList\",\"@id\":\"https:\\\/\\\/saunaspases.com\\\/saunaolimpic\\\/politica-de-cookies\\\/#breadcrumb\",\"itemListElement\":[{\"@type\":\"ListItem\",\"position\":1,\"name\":\"Portada\",\"item\":\"https:\\\/\\\/saunaspases.com\\\/saunaolimpic\\\/\"},{\"@type\":\"ListItem\",\"position\":2,\"name\":\"Pol\u00edtica de cookies\"}]},{\"@type\":\"WebSite\",\"@id\":\"https:\\\/\\\/saunaspases.com\\\/saunaolimpic\\\/#website\",\"url\":\"https:\\\/\\\/saunaspases.com\\\/saunaolimpic\\\/\",\"name\":\"Sauna Olimpic\",\"description\":\"SAUNA OLIMPIC - OFFICIAL SITE\",\"publisher\":{\"@id\":\"https:\\\/\\\/saunaspases.com\\\/saunaolimpic\\\/#organization\"},\"potentialAction\":[{\"@type\":\"SearchAction\",\"target\":{\"@type\":\"EntryPoint\",\"urlTemplate\":\"https:\\\/\\\/saunaspases.com\\\/saunaolimpic\\\/?s={search_term_string}\"},\"query-input\":{\"@type\":\"PropertyValueSpecification\",\"valueRequired\":true,\"valueName\":\"search_term_string\"}}],\"inLanguage\":\"es\"},{\"@type\":\"Organization\",\"@id\":\"https:\\\/\\\/saunaspases.com\\\/saunaolimpic\\\/#organization\",\"name\":\"Saunas Pases\",\"url\":\"https:\\\/\\\/saunaspases.com\\\/saunaolimpic\\\/\",\"logo\":{\"@type\":\"ImageObject\",\"inLanguage\":\"es\",\"@id\":\"https:\\\/\\\/saunaspases.com\\\/saunaolimpic\\\/#\\\/schema\\\/logo\\\/image\\\/\",\"url\":\"https:\\\/\\\/saunaspases.com\\\/saunaolimpic\\\/wp-content\\\/uploads\\\/2023\\\/08\\\/LOGO-PASES-CONDAL-AGO23.jpg\",\"contentUrl\":\"https:\\\/\\\/saunaspases.com\\\/saunaolimpic\\\/wp-content\\\/uploads\\\/2023\\\/08\\\/LOGO-PASES-CONDAL-AGO23.jpg\",\"width\":600,\"height\":600,\"caption\":\"Saunas Pases\"},\"image\":{\"@id\":\"https:\\\/\\\/saunaspases.com\\\/saunaolimpic\\\/#\\\/schema\\\/logo\\\/image\\\/\"},\"sameAs\":[\"https:\\\/\\\/www.facebook.com\\\/saunacondalofficial\",\"https:\\\/\\\/x.com\\\/SaunaCondal\",\"https:\\\/\\\/www.instagram.com\\\/saunacondal\\\/\"]}]}<\/script>\n<!-- \/ Yoast SEO plugin. -->","yoast_head_json":{"title":"Pol\u00edtica de cookies | Sauna Olimpic","robots":{"index":"index","follow":"follow","max-snippet":"max-snippet:-1","max-image-preview":"max-image-preview:large","max-video-preview":"max-video-preview:-1"},"canonical":"https:\/\/saunaspases.com\/saunaolimpic\/politica-de-cookies\/","og_locale":"es_ES","og_type":"article","og_title":"Pol\u00edtica de cookies | Sauna Olimpic","og_description":"[vc_row anchor=\u00bbpolitica\u00bb background_image=\u00bb0&#8243;][vc_column][vc_column_text css=\u00bb.vc_custom_1741376529143{padding-top: 20px !important;padding-bottom: 50px !important;}\u00bb inline_style=\u00bbcolor: white; margin-top: 100px;\u00bb] Pol\u00edtica de Cookies Las cookies constituyen una herramienta empleada por los servidores Web para almacenar y recuperar informaci\u00f3n acerca de sus visitantes o usuarios. No es m\u00e1s que un fichero de texto que algunos servidores instalan durante la navegaci\u00f3n y que permiten conocer &hellip;","og_url":"https:\/\/saunaspases.com\/saunaolimpic\/politica-de-cookies\/","og_site_name":"Sauna Olimpic","article_publisher":"https:\/\/www.facebook.com\/saunacondalofficial","article_modified_time":"2025-03-07T19:42:30+00:00","twitter_card":"summary_large_image","twitter_site":"@SaunaCondal","twitter_misc":{"Tiempo de lectura":"5 minutos"},"schema":{"@context":"https:\/\/schema.org","@graph":[{"@type":"WebPage","@id":"https:\/\/saunaspases.com\/saunaolimpic\/politica-de-cookies\/","url":"https:\/\/saunaspases.com\/saunaolimpic\/politica-de-cookies\/","name":"Pol\u00edtica de cookies | Sauna Olimpic","isPartOf":{"@id":"https:\/\/saunaspases.com\/saunaolimpic\/#website"},"datePublished":"2019-03-02T16:22:40+00:00","dateModified":"2025-03-07T19:42:30+00:00","breadcrumb":{"@id":"https:\/\/saunaspases.com\/saunaolimpic\/politica-de-cookies\/#breadcrumb"},"inLanguage":"es","potentialAction":[{"@type":"ReadAction","target":["https:\/\/saunaspases.com\/saunaolimpic\/politica-de-cookies\/"]}]},{"@type":"BreadcrumbList","@id":"https:\/\/saunaspases.com\/saunaolimpic\/politica-de-cookies\/#breadcrumb","itemListElement":[{"@type":"ListItem","position":1,"name":"Portada","item":"https:\/\/saunaspases.com\/saunaolimpic\/"},{"@type":"ListItem","position":2,"name":"Pol\u00edtica de cookies"}]},{"@type":"WebSite","@id":"https:\/\/saunaspases.com\/saunaolimpic\/#website","url":"https:\/\/saunaspases.com\/saunaolimpic\/","name":"Sauna Olimpic","description":"SAUNA OLIMPIC - OFFICIAL SITE","publisher":{"@id":"https:\/\/saunaspases.com\/saunaolimpic\/#organization"},"potentialAction":[{"@type":"SearchAction","target":{"@type":"EntryPoint","urlTemplate":"https:\/\/saunaspases.com\/saunaolimpic\/?s={search_term_string}"},"query-input":{"@type":"PropertyValueSpecification","valueRequired":true,"valueName":"search_term_string"}}],"inLanguage":"es"},{"@type":"Organization","@id":"https:\/\/saunaspases.com\/saunaolimpic\/#organization","name":"Saunas Pases","url":"https:\/\/saunaspases.com\/saunaolimpic\/","logo":{"@type":"ImageObject","inLanguage":"es","@id":"https:\/\/saunaspases.com\/saunaolimpic\/#\/schema\/logo\/image\/","url":"https:\/\/saunaspases.com\/saunaolimpic\/wp-content\/uploads\/2023\/08\/LOGO-PASES-CONDAL-AGO23.jpg","contentUrl":"https:\/\/saunaspases.com\/saunaolimpic\/wp-content\/uploads\/2023\/08\/LOGO-PASES-CONDAL-AGO23.jpg","width":600,"height":600,"caption":"Saunas Pases"},"image":{"@id":"https:\/\/saunaspases.com\/saunaolimpic\/#\/schema\/logo\/image\/"},"sameAs":["https:\/\/www.facebook.com\/saunacondalofficial","https:\/\/x.com\/SaunaCondal","https:\/\/www.instagram.com\/saunacondal\/"]}]}},"_links":{"self":[{"href":"https:\/\/saunaspases.com\/saunaolimpic\/wp-json\/wp\/v2\/pages\/760","targetHints":{"allow":["GET"]}}],"collection":[{"href":"https:\/\/saunaspases.com\/saunaolimpic\/wp-json\/wp\/v2\/pages"}],"about":[{"href":"https:\/\/saunaspases.com\/saunaolimpic\/wp-json\/wp\/v2\/types\/page"}],"author":[{"embeddable":true,"href":"https:\/\/saunaspases.com\/saunaolimpic\/wp-json\/wp\/v2\/users\/4"}],"replies":[{"embeddable":true,"href":"https:\/\/saunaspases.com\/saunaolimpic\/wp-json\/wp\/v2\/comments?post=760"}],"version-history":[{"count":27,"href":"https:\/\/saunaspases.com\/saunaolimpic\/wp-json\/wp\/v2\/pages\/760\/revisions"}],"predecessor-version":[{"id":2484,"href":"https:\/\/saunaspases.com\/saunaolimpic\/wp-json\/wp\/v2\/pages\/760\/revisions\/2484"}],"wp:attachment":[{"href":"https:\/\/saunaspases.com\/saunaolimpic\/wp-json\/wp\/v2\/media?parent=760"}],"curies":[{"name":"wp","href":"https:\/\/api.w.org\/{rel}","templated":true}]}}